{"id":3699,"date":"2024-10-06T23:41:53","date_gmt":"2024-10-06T23:41:53","guid":{"rendered":"https:\/\/www.slangtimes.com\/bernhardschmid\/?page_id=3699"},"modified":"2024-10-07T00:47:08","modified_gmt":"2024-10-07T00:47:08","slug":"impressum","status":"publish","type":"page","link":"https:\/\/www.slangtimes.com\/bernhardschmid\/impressum\/","title":{"rendered":"Impressum"},"content":{"rendered":"<div class=\"wp-block-image\">\n<figure class=\"aligncenter size-full\"><a href=\"https:\/\/www.slangtimes.com\/bernhardschmid\/wp-content\/uploads\/2023\/12\/Impressum1-23.jpg\"><img fetchpriority=\"high\" decoding=\"async\" width=\"777\" height=\"459\" src=\"https:\/\/www.slangtimes.com\/bernhardschmid\/wp-content\/uploads\/2023\/12\/Impressum1-23.jpg\" alt=\"\" class=\"wp-image-2794\" srcset=\"https:\/\/www.slangtimes.com\/bernhardschmid\/wp-content\/uploads\/2023\/12\/Impressum1-23.jpg 777w, https:\/\/www.slangtimes.com\/bernhardschmid\/wp-content\/uploads\/2023\/12\/Impressum1-23-300x177.jpg 300w, https:\/\/www.slangtimes.com\/bernhardschmid\/wp-content\/uploads\/2023\/12\/Impressum1-23-768x454.jpg 768w\" sizes=\"(max-width: 777px) 100vw, 777px\" \/><\/a><\/figure>\n<\/div>\n\n\n<p class=\"has-text-align-center wp-block-paragraph\" style=\"font-size:18px\"><em>Falls Sie einen zuverl\u00e4ssigen \u00dcbersetzer brauchen, <br>schauen Sie sich hier ruhig ein bisschen um.<br>Rufen Sie einfach an oder benutzen Sie das Kontaktformular unten.<\/em><\/p>\n\n\n\n<p class=\"has-text-align-center wp-block-paragraph\" style=\"font-size:16px\"><em>Bitte vergessen Sie nicht, <\/em><br><em><strong>ganz unten das entsprechende Bildchen<\/strong> <strong>zu w\u00e4hlen, <\/strong><\/em><br><em>bevor Sie ihre Mail abschicken. <br>Das sollte meine Seite vor Spam sch\u00fctzen, nicht vor Arbeit oder gar interessanten Auftr\u00e4gen.<\/em><\/p>\n\n\n<div class=\"wp-block-image\">\n<figure class=\"aligncenter size-medium\"><a href=\"https:\/\/www.slangtimes.com\/bernhardschmid\/wp-content\/uploads\/2023\/10\/cloudtrans.png\"><img decoding=\"async\" width=\"300\" height=\"63\" src=\"https:\/\/www.slangtimes.com\/bernhardschmid\/wp-content\/uploads\/2023\/10\/cloudtrans-300x63.png\" alt=\"\" class=\"wp-image-2612\" srcset=\"https:\/\/www.slangtimes.com\/bernhardschmid\/wp-content\/uploads\/2023\/10\/cloudtrans-300x63.png 300w, https:\/\/www.slangtimes.com\/bernhardschmid\/wp-content\/uploads\/2023\/10\/cloudtrans.png 470w\" sizes=\"(max-width: 300px) 100vw, 300px\" \/><\/a><\/figure>\n<\/div>\n\n<div class=\"wp-block-image\">\n<figure class=\"aligncenter size-full\"><a href=\"https:\/\/www.slangtimes.com\/bernhardschmid\/wp-content\/uploads\/2024\/10\/Impressum2-1.png\"><img decoding=\"async\" width=\"452\" height=\"222\" src=\"https:\/\/www.slangtimes.com\/bernhardschmid\/wp-content\/uploads\/2024\/10\/Impressum2-1.png\" alt=\"\" class=\"wp-image-3664\" srcset=\"https:\/\/www.slangtimes.com\/bernhardschmid\/wp-content\/uploads\/2024\/10\/Impressum2-1.png 452w, https:\/\/www.slangtimes.com\/bernhardschmid\/wp-content\/uploads\/2024\/10\/Impressum2-1-300x147.png 300w\" sizes=\"(max-width: 452px) 100vw, 452px\" \/><\/a><\/figure>\n<\/div>\n\n<div class=\"wp-block-image\">\n<figure class=\"aligncenter size-medium\"><a href=\"https:\/\/www.slangtimes.com\/bernhardschmid\/wp-content\/uploads\/2023\/10\/cloudtrans.png\"><img decoding=\"async\" width=\"300\" height=\"63\" src=\"https:\/\/www.slangtimes.com\/bernhardschmid\/wp-content\/uploads\/2023\/10\/cloudtrans-300x63.png\" alt=\"\" class=\"wp-image-2612\" srcset=\"https:\/\/www.slangtimes.com\/bernhardschmid\/wp-content\/uploads\/2023\/10\/cloudtrans-300x63.png 300w, https:\/\/www.slangtimes.com\/bernhardschmid\/wp-content\/uploads\/2023\/10\/cloudtrans.png 470w\" sizes=\"(max-width: 300px) 100vw, 300px\" \/><\/a><\/figure>\n<\/div>\n\n\n<p class=\"has-text-align-center wp-block-paragraph\" style=\"font-size:18px\"><em>Und falls es mal wieder blitzschnell gehen muss\u2026<br>Schnellsch\u00fcsse geh\u00f6ren zum Verlagsalltag. Auch wenn\u2019s niemand gerne an die gro\u00dfe Glocke h\u00e4ngt.<br>Sie m\u00fcssen als Verleger aber weder eine \u00dcbertragung zweiter Wahl in Kauf nehmen, noch einen unsch\u00f6nen stilistischen Flickenteppich, falls Sie sich \u2013 wie so oft \u00fcblich \u2013 entscheiden sollten, Ihre Probleme mit mehreren \u00dcbersetzern zu multiplizieren<\/em>.<br><em>Ich habe in nunmehr 40 Jahren <strong>Erfahrung mit Schnellsch\u00fcssen<\/strong> gesammelt.<br>Solide \u00fcbersetzt, sauber recherchiert. Es ist dies keine Hexerei, sondern einfach eine Frage eben dieser Erfahrung im Verein mit moderner Technik &amp; eisernen Nerven. Profitieren Sie davon.<br>Also, wenn\u2019s wirklich mal pressiert, rufen Sie an!<\/em><\/p>\n\n\n<div class=\"wp-block-image\">\n<figure class=\"aligncenter size-medium\"><a href=\"https:\/\/www.slangtimes.com\/bernhardschmid\/wp-content\/uploads\/2023\/10\/cloudtrans.png\"><img decoding=\"async\" width=\"300\" height=\"63\" src=\"https:\/\/www.slangtimes.com\/bernhardschmid\/wp-content\/uploads\/2023\/10\/cloudtrans-300x63.png\" alt=\"\" class=\"wp-image-2612\" srcset=\"https:\/\/www.slangtimes.com\/bernhardschmid\/wp-content\/uploads\/2023\/10\/cloudtrans-300x63.png 300w, https:\/\/www.slangtimes.com\/bernhardschmid\/wp-content\/uploads\/2023\/10\/cloudtrans.png 470w\" sizes=\"(max-width: 300px) 100vw, 300px\" \/><\/a><\/figure>\n<\/div>\n\n\n<p class=\"has-text-align-center wp-block-paragraph\" style=\"font-size:18px\"><\/p>\n\n\n\n<div class=\"wpcf7 no-js\" id=\"wpcf7-f3703-o1\" lang=\"de-DE\" dir=\"ltr\" data-wpcf7-id=\"3703\">\n<div class=\"screen-reader-response\"><p role=\"status\" aria-live=\"polite\" aria-atomic=\"true\"><\/p> <ul><\/ul><\/div>\n<form action=\"\/bernhardschmid\/wp-json\/wp\/v2\/pages\/3699#wpcf7-f3703-o1\" method=\"post\" class=\"wpcf7-form init\" aria-label=\"Kontaktformular\" novalidate=\"novalidate\" data-status=\"init\">\n<fieldset class=\"hidden-fields-container\"><input type=\"hidden\" name=\"_wpcf7\" value=\"3703\" \/><input type=\"hidden\" name=\"_wpcf7_version\" value=\"6.1.5\" \/><input type=\"hidden\" name=\"_wpcf7_locale\" value=\"de_DE\" \/><input type=\"hidden\" name=\"_wpcf7_unit_tag\" value=\"wpcf7-f3703-o1\" \/><input type=\"hidden\" name=\"_wpcf7_container_post\" value=\"0\" \/><input type=\"hidden\" name=\"_wpcf7_posted_data_hash\" value=\"\" \/>\n<\/fieldset>\n<p><span id=\"wpcf7-69f87c6365763-wrapper\" class=\"wpcf7-form-control-wrap honeypot-442-wrap\" style=\"display:none !important; visibility:hidden !important;\"><label for=\"wpcf7-69f87c6365763-field\" class=\"hp-message\">Bitte lasse dieses Feld leer.<\/label><input id=\"wpcf7-69f87c6365763-field\"  class=\"wpcf7-form-control wpcf7-text\" type=\"text\" name=\"honeypot-442\" value=\"\" size=\"40\" tabindex=\"-1\" autocomplete=\"new-password\" \/><\/span>\n<\/p>\n<p><label> Ihr Name<br \/>\n<span class=\"wpcf7-form-control-wrap\" data-name=\"your-name\"><input size=\"40\" maxlength=\"400\" class=\"wpcf7-form-control wpcf7-text wpcf7-validates-as-required\" autocomplete=\"name\" aria-required=\"true\" aria-invalid=\"false\" value=\"\" type=\"text\" name=\"your-name\" \/><\/span> <\/label>\n<\/p>\n<p><label> Ihre E-Mail-Adresse<br \/>\n<span class=\"wpcf7-form-control-wrap\" data-name=\"your-email\"><input size=\"40\" maxlength=\"400\" class=\"wpcf7-form-control wpcf7-email wpcf7-validates-as-required wpcf7-text wpcf7-validates-as-email\" autocomplete=\"email\" aria-required=\"true\" aria-invalid=\"false\" value=\"\" type=\"email\" name=\"your-email\" \/><\/span> <\/label>\n<\/p>\n<p><label> Betreff<br \/>\n<span class=\"wpcf7-form-control-wrap\" data-name=\"your-subject\"><input size=\"40\" maxlength=\"400\" class=\"wpcf7-form-control wpcf7-text wpcf7-validates-as-required\" aria-required=\"true\" aria-invalid=\"false\" value=\"\" type=\"text\" name=\"your-subject\" \/><\/span> <\/label>\n<\/p>\n<p><label> Ihre Nachricht (optional)<br \/>\n<span class=\"wpcf7-form-control-wrap\" data-name=\"your-message\"><textarea cols=\"40\" rows=\"10\" maxlength=\"2000\" class=\"wpcf7-form-control wpcf7-textarea\" aria-invalid=\"false\" name=\"your-message\"><\/textarea><\/span> <\/label>\n<\/p>\n<p><span class=\"wpcf7-form-control-wrap kc_captcha cf7ic-toggle\" data-name=\"kc_captcha\"><span class=\"wpcf7-form-control wpcf7-radio\"><span class=\"captcha-image\" style=\"display: none;\"><span class=\"cf7ic_instructions\">Bitte beweise, dass du kein Spambot bist und w\u00e4hle das Symbol<span> Flagge<\/span>.<\/span><label><input aria-label=\"1\" type=\"radio\" name=\"kc_captcha\" value=\"bot\" \/><svg aria-hidden=\"true\" role=\"img\" xmlns=\"http:\/\/www.w3.org\/2000\/svg\" viewBox=\"0 0 576 512\"><path fill=\"currentColor\" d=\"M259 18l-65 132-146 22c-26 3-37 36-18 54l106 103-25 146c-5 26 23 46 46 33l131-68 131 68c23 13 51-7 46-33l-25-146 106-103c19-18 8-51-18-54l-146-22-65-132a32 32 0 00-58 0z\"\/><\/svg><\/label><label><input aria-label=\"2\" type=\"radio\" name=\"kc_captcha\" value=\"bot\" \/><svg aria-hidden=\"true\" role=\"img\" xmlns=\"http:\/\/www.w3.org\/2000\/svg\" viewBox=\"0 0 640 512\"><path fill=\"currentColor\" d=\"M192 384h192c53 0 96-43 96-96h32a128 128 0 000-256H120c-13 0-24 11-24 24v232c0 53 43 96 96 96zM512 96a64 64 0 010 128h-32V96h32zm48 384H48c-47 0-61-64-36-64h584c25 0 11 64-36 64z\"\/><\/svg><\/label><label><input aria-label=\"3\" type=\"radio\" name=\"kc_captcha\" value=\"kc_human\" \/><svg aria-hidden=\"true\" role=\"img\" xmlns=\"http:\/\/www.w3.org\/2000\/svg\" viewBox=\"0 0 512 512\"><path fill=\"currentColor\" d=\"M350 99c-54 0-98-35-166-35-25 0-47 4-68 12a56 56 0 004-24C118 24 95 1 66 0a56 56 0 00-34 102v386c0 13 11 24 24 24h16c13 0 24-11 24-24v-94c28-12 64-23 114-23 54 0 98 35 166 35 48 0 86-16 122-41 9-6 14-15 14-26V96c0-23-24-39-45-29-35 16-77 32-117 32z\"\/><\/svg><\/label>\r\n    <\/span>\r\n    <span style=\"display:none\">\r\n        <input type=\"text\" name=\"kc_honeypot\">\r\n    <\/span><\/span><\/span>\n<\/p>\n<p><input class=\"wpcf7-form-control wpcf7-submit has-spinner\" type=\"submit\" value=\"Senden\" \/>\n<\/p><p style=\"display: none !important;\" class=\"akismet-fields-container\" data-prefix=\"_wpcf7_ak_\"><label>&#916;<textarea name=\"_wpcf7_ak_hp_textarea\" cols=\"45\" rows=\"8\" maxlength=\"100\"><\/textarea><\/label><input type=\"hidden\" id=\"ak_js_1\" name=\"_wpcf7_ak_js\" value=\"109\"\/><script>\ndocument.getElementById( \"ak_js_1\" ).setAttribute( \"value\", ( new Date() ).getTime() );\n<\/script>\n<\/p><div class=\"wpcf7-response-output\" aria-hidden=\"true\"><\/div>\n<\/form>\n<\/div>\n\n\n\n\n<p class=\"has-text-align-center wp-block-paragraph\" style=\"font-size:18px\"><\/p>\n\n\n\n<p class=\"has-text-align-center wp-block-paragraph\" style=\"font-size:18px\"><\/p>\n","protected":false},"excerpt":{"rendered":"<p>Falls Sie einen zuverl\u00e4ssigen \u00dcbersetzer brauchen, schauen Sie sich hier ruhig ein bisschen um.Rufen Sie einfach an oder benutzen Sie das Kontaktformular unten. Bitte vergessen Sie nicht, ganz unten das entsprechende Bildchen zu w\u00e4hlen, bevor Sie ihre Mail abschicken. Das sollte meine Seite vor Spam sch\u00fctzen, nicht vor Arbeit oder gar interessanten Auftr\u00e4gen. Und falls [&hellip;]<\/p>\n","protected":false},"author":1,"featured_media":0,"parent":0,"menu_order":0,"comment_status":"closed","ping_status":"closed","template":"","meta":{"_crdt_document":"","ngg_post_thumbnail":0,"ocean_post_layout":"","ocean_both_sidebars_style":"","ocean_both_sidebars_content_width":0,"ocean_both_sidebars_sidebars_width":0,"ocean_sidebar":"","ocean_second_sidebar":"","ocean_disable_margins":"enable","ocean_add_body_class":"","ocean_shortcode_before_top_bar":"","ocean_shortcode_after_top_bar":"","ocean_shortcode_before_header":"","ocean_shortcode_after_header":"","ocean_has_shortcode":"","ocean_shortcode_after_title":"","ocean_shortcode_before_footer_widgets":"","ocean_shortcode_after_footer_widgets":"","ocean_shortcode_before_footer_bottom":"","ocean_shortcode_after_footer_bottom":"","ocean_display_top_bar":"default","ocean_display_header":"default","ocean_header_style":"","ocean_center_header_left_menu":"","ocean_custom_header_template":"","ocean_custom_logo":0,"ocean_custom_retina_logo":0,"ocean_custom_logo_max_width":0,"ocean_custom_logo_tablet_max_width":0,"ocean_custom_logo_mobile_max_width":0,"ocean_custom_logo_max_height":0,"ocean_custom_logo_tablet_max_height":0,"ocean_custom_logo_mobile_max_height":0,"ocean_header_custom_menu":"","ocean_menu_typo_font_family":"","ocean_menu_typo_font_subset":"","ocean_menu_typo_font_size":0,"ocean_menu_typo_font_size_tablet":0,"ocean_menu_typo_font_size_mobile":0,"ocean_menu_typo_font_size_unit":"px","ocean_menu_typo_font_weight":"","ocean_menu_typo_font_weight_tablet":"","ocean_menu_typo_font_weight_mobile":"","ocean_menu_typo_transform":"","ocean_menu_typo_transform_tablet":"","ocean_menu_typo_transform_mobile":"","ocean_menu_typo_line_height":0,"ocean_menu_typo_line_height_tablet":0,"ocean_menu_typo_line_height_mobile":0,"ocean_menu_typo_line_height_unit":"","ocean_menu_typo_spacing":0,"ocean_menu_typo_spacing_tablet":0,"ocean_menu_typo_spacing_mobile":0,"ocean_menu_typo_spacing_unit":"","ocean_menu_link_color":"","ocean_menu_link_color_hover":"","ocean_menu_link_color_active":"","ocean_menu_link_background":"","ocean_menu_link_hover_background":"","ocean_menu_link_active_background":"","ocean_menu_social_links_bg":"","ocean_menu_social_hover_links_bg":"","ocean_menu_social_links_color":"","ocean_menu_social_hover_links_color":"","ocean_disable_title":"default","ocean_disable_heading":"default","ocean_post_title":"","ocean_post_subheading":"","ocean_post_title_style":"","ocean_post_title_background_color":"","ocean_post_title_background":0,"ocean_post_title_bg_image_position":"","ocean_post_title_bg_image_attachment":"","ocean_post_title_bg_image_repeat":"","ocean_post_title_bg_image_size":"","ocean_post_title_height":0,"ocean_post_title_bg_overlay":0.5,"ocean_post_title_bg_overlay_color":"","ocean_disable_breadcrumbs":"default","ocean_breadcrumbs_color":"","ocean_breadcrumbs_separator_color":"","ocean_breadcrumbs_links_color":"","ocean_breadcrumbs_links_hover_color":"","ocean_display_footer_widgets":"default","ocean_display_footer_bottom":"default","ocean_custom_footer_template":"","footnotes":""},"categories":[],"tags":[],"class_list":["post-3699","page","type-page","status-publish","hentry","entry"],"_links":{"self":[{"href":"https:\/\/www.slangtimes.com\/bernhardschmid\/wp-json\/wp\/v2\/pages\/3699","targetHints":{"allow":["GET"]}}],"collection":[{"href":"https:\/\/www.slangtimes.com\/bernhardschmid\/wp-json\/wp\/v2\/pages"}],"about":[{"href":"https:\/\/www.slangtimes.com\/bernhardschmid\/wp-json\/wp\/v2\/types\/page"}],"author":[{"embeddable":true,"href":"https:\/\/www.slangtimes.com\/bernhardschmid\/wp-json\/wp\/v2\/users\/1"}],"replies":[{"embeddable":true,"href":"https:\/\/www.slangtimes.com\/bernhardschmid\/wp-json\/wp\/v2\/comments?post=3699"}],"version-history":[{"count":2,"href":"https:\/\/www.slangtimes.com\/bernhardschmid\/wp-json\/wp\/v2\/pages\/3699\/revisions"}],"predecessor-version":[{"id":3707,"href":"https:\/\/www.slangtimes.com\/bernhardschmid\/wp-json\/wp\/v2\/pages\/3699\/revisions\/3707"}],"wp:attachment":[{"href":"https:\/\/www.slangtimes.com\/bernhardschmid\/wp-json\/wp\/v2\/media?parent=3699"}],"wp:term":[{"taxonomy":"category","embeddable":true,"href":"https:\/\/www.slangtimes.com\/bernhardschmid\/wp-json\/wp\/v2\/categories?post=3699"},{"taxonomy":"post_tag","embeddable":true,"href":"https:\/\/www.slangtimes.com\/bernhardschmid\/wp-json\/wp\/v2\/tags?post=3699"}],"curies":[{"name":"wp","href":"https:\/\/api.w.org\/{rel}","templated":true}]}}