{"id":2839,"date":"2024-04-11T05:39:17","date_gmt":"2024-04-11T05:39:17","guid":{"rendered":"https:\/\/www.slangtimes.com\/bernhardschmid\/?page_id=2839"},"modified":"2024-05-24T07:16:59","modified_gmt":"2024-05-24T07:16:59","slug":"der-groesste-bankraub-aller-zeiten-ein-banker-gesteht","status":"publish","type":"page","link":"https:\/\/www.slangtimes.com\/bernhardschmid\/der-groesste-bankraub-aller-zeiten-ein-banker-gesteht\/","title":{"rendered":"Der gr\u00f6\u00dfte Bankraub aller Zeiten \u2013 ein Banker gesteht"},"content":{"rendered":"\t\t<div data-elementor-type=\"wp-page\" data-elementor-id=\"2839\" class=\"elementor elementor-2839\" data-elementor-post-type=\"page\">\n\t\t\t\t<div class=\"elementor-element elementor-element-6bbf5c1 e-flex e-con-boxed e-con e-parent\" data-id=\"6bbf5c1\" data-element_type=\"container\" data-e-type=\"container\">\n\t\t\t\t\t<div class=\"e-con-inner\">\n\t\t\t\t<div class=\"elementor-element elementor-element-e757704 elementor-nav-menu__align-center elementor-nav-menu--dropdown-tablet elementor-nav-menu__text-align-aside elementor-nav-menu--toggle elementor-nav-menu--burger elementor-widget elementor-widget-nav-menu\" data-id=\"e757704\" data-element_type=\"widget\" data-e-type=\"widget\" data-settings=\"{&quot;layout&quot;:&quot;horizontal&quot;,&quot;submenu_icon&quot;:{&quot;value&quot;:&quot;&lt;svg aria-hidden=\\&quot;true\\&quot; class=\\&quot;e-font-icon-svg e-fas-caret-down\\&quot; viewBox=\\&quot;0 0 320 512\\&quot; xmlns=\\&quot;http:\\\/\\\/www.w3.org\\\/2000\\\/svg\\&quot;&gt;&lt;path d=\\&quot;M31.3 192h257.3c17.8 0 26.7 21.5 14.1 34.1L174.1 354.8c-7.8 7.8-20.5 7.8-28.3 0L17.2 226.1C4.6 213.5 13.5 192 31.3 192z\\&quot;&gt;&lt;\\\/path&gt;&lt;\\\/svg&gt;&quot;,&quot;library&quot;:&quot;fa-solid&quot;},&quot;toggle&quot;:&quot;burger&quot;}\" data-widget_type=\"nav-menu.default\">\n\t\t\t\t<div class=\"elementor-widget-container\">\n\t\t\t\t\t\t\t\t<nav aria-label=\"Men\u00fc\" class=\"elementor-nav-menu--main elementor-nav-menu__container elementor-nav-menu--layout-horizontal e--pointer-underline e--animation-fade\">\n\t\t\t\t<ul id=\"menu-1-e757704\" class=\"elementor-nav-menu\"><li class=\"menu-item menu-item-type-post_type menu-item-object-page menu-item-2948\"><a href=\"https:\/\/www.slangtimes.com\/bernhardschmid\/einige-beitraege\/\" class=\"elementor-item\">Einige Beitr\u00e4ge \u2026<\/a><\/li>\n<li class=\"menu-item menu-item-type-post_type menu-item-object-page menu-item-2949\"><a href=\"https:\/\/www.slangtimes.com\/bernhardschmid\/zuboff-das-zeitalter-des-ueberwachungskapitalismus-materialien\/\" class=\"elementor-item\">Zuboff: Das Zeitalter des \u00dcberwachungskapitalismus (Materialien)<\/a><\/li>\n<li class=\"menu-item menu-item-type-post_type menu-item-object-page menu-item-2988\"><a href=\"https:\/\/www.slangtimes.com\/bernhardschmid\/zuboff-glossar\/\" class=\"elementor-item\">Zuboff-Glossar<\/a><\/li>\n<li class=\"menu-item menu-item-type-post_type menu-item-object-page menu-item-2947\"><a href=\"https:\/\/www.slangtimes.com\/bernhardschmid\/kleine-uebersetzungsfibel\/\" class=\"elementor-item\">Kleine \u00dcbersetzungsfibel<\/a><\/li>\n<\/ul>\t\t\t<\/nav>\n\t\t\t\t\t<div class=\"elementor-menu-toggle\" role=\"button\" tabindex=\"0\" aria-label=\"Men\u00fc Umschalter\" aria-expanded=\"false\">\n\t\t\t<svg aria-hidden=\"true\" role=\"presentation\" class=\"elementor-menu-toggle__icon--open e-font-icon-svg e-eicon-menu-bar\" viewBox=\"0 0 1000 1000\" xmlns=\"http:\/\/www.w3.org\/2000\/svg\"><path d=\"M104 333H896C929 333 958 304 958 271S929 208 896 208H104C71 208 42 237 42 271S71 333 104 333ZM104 583H896C929 583 958 554 958 521S929 458 896 458H104C71 458 42 487 42 521S71 583 104 583ZM104 833H896C929 833 958 804 958 771S929 708 896 708H104C71 708 42 737 42 771S71 833 104 833Z\"><\/path><\/svg><svg aria-hidden=\"true\" role=\"presentation\" class=\"elementor-menu-toggle__icon--close e-font-icon-svg e-eicon-close\" viewBox=\"0 0 1000 1000\" xmlns=\"http:\/\/www.w3.org\/2000\/svg\"><path d=\"M742 167L500 408 258 167C246 154 233 150 217 150 196 150 179 158 167 167 154 179 150 196 150 212 150 229 154 242 171 254L408 500 167 742C138 771 138 800 167 829 196 858 225 858 254 829L496 587 738 829C750 842 767 846 783 846 800 846 817 842 829 829 842 817 846 804 846 783 846 767 842 750 829 737L588 500 833 258C863 229 863 200 833 171 804 137 775 137 742 167Z\"><\/path><\/svg>\t\t<\/div>\n\t\t\t\t\t<nav class=\"elementor-nav-menu--dropdown elementor-nav-menu__container\" aria-hidden=\"true\">\n\t\t\t\t<ul id=\"menu-2-e757704\" class=\"elementor-nav-menu\"><li class=\"menu-item menu-item-type-post_type menu-item-object-page menu-item-2948\"><a href=\"https:\/\/www.slangtimes.com\/bernhardschmid\/einige-beitraege\/\" class=\"elementor-item\" tabindex=\"-1\">Einige Beitr\u00e4ge \u2026<\/a><\/li>\n<li class=\"menu-item menu-item-type-post_type menu-item-object-page menu-item-2949\"><a href=\"https:\/\/www.slangtimes.com\/bernhardschmid\/zuboff-das-zeitalter-des-ueberwachungskapitalismus-materialien\/\" class=\"elementor-item\" tabindex=\"-1\">Zuboff: Das Zeitalter des \u00dcberwachungskapitalismus (Materialien)<\/a><\/li>\n<li class=\"menu-item menu-item-type-post_type menu-item-object-page menu-item-2988\"><a href=\"https:\/\/www.slangtimes.com\/bernhardschmid\/zuboff-glossar\/\" class=\"elementor-item\" tabindex=\"-1\">Zuboff-Glossar<\/a><\/li>\n<li class=\"menu-item menu-item-type-post_type menu-item-object-page menu-item-2947\"><a href=\"https:\/\/www.slangtimes.com\/bernhardschmid\/kleine-uebersetzungsfibel\/\" class=\"elementor-item\" tabindex=\"-1\">Kleine \u00dcbersetzungsfibel<\/a><\/li>\n<\/ul>\t\t\t<\/nav>\n\t\t\t\t\t\t<\/div>\n\t\t\t\t<\/div>\n\t\t\t\t\t<\/div>\n\t\t\t\t<\/div>\n\t\t<div class=\"elementor-element elementor-element-3f44bac e-flex e-con-boxed e-con e-parent\" data-id=\"3f44bac\" data-element_type=\"container\" data-e-type=\"container\">\n\t\t\t\t\t<div class=\"e-con-inner\">\n\t\t\t\t<div class=\"elementor-element elementor-element-00712fe elementor-widget elementor-widget-spacer\" data-id=\"00712fe\" data-element_type=\"widget\" data-e-type=\"widget\" data-widget_type=\"spacer.default\">\n\t\t\t\t<div class=\"elementor-widget-container\">\n\t\t\t\t\t\t\t<div class=\"elementor-spacer\">\n\t\t\t<div class=\"elementor-spacer-inner\"><\/div>\n\t\t<\/div>\n\t\t\t\t\t\t<\/div>\n\t\t\t\t<\/div>\n\t\t\t\t\t<\/div>\n\t\t\t\t<\/div>\n\t\t<div class=\"elementor-element elementor-element-786dc455 e-flex e-con-boxed e-con e-parent\" data-id=\"786dc455\" data-element_type=\"container\" data-e-type=\"container\">\n\t\t\t\t\t<div class=\"e-con-inner\">\n\t\t\t\t<div class=\"elementor-element elementor-element-e0be910 elementor-widget elementor-widget-text-editor\" data-id=\"e0be910\" data-element_type=\"widget\" data-e-type=\"widget\" data-widget_type=\"text-editor.default\">\n\t\t\t\t<div class=\"elementor-widget-container\">\n\t\t\t\t\t\t\t\t\t<div class=\"wp-block-image\">\n<figure class=\"alignleft size-full is-resized\"><a href=\"https:\/\/www.slangtimes.com\/bernhardschmid\/wp-content\/uploads\/2024\/04\/Stefro72.jpg\"><img fetchpriority=\"high\" decoding=\"async\" width=\"419\" height=\"615\" src=\"https:\/\/www.slangtimes.com\/bernhardschmid\/wp-content\/uploads\/2024\/04\/Stefro72.jpg\" alt=\"\" class=\"wp-image-2814\" style=\"width:222px\" srcset=\"https:\/\/www.slangtimes.com\/bernhardschmid\/wp-content\/uploads\/2024\/04\/Stefro72.jpg 419w, https:\/\/www.slangtimes.com\/bernhardschmid\/wp-content\/uploads\/2024\/04\/Stefro72-204x300.jpg 204w\" sizes=\"(max-width: 419px) 100vw, 419px\" \/><\/a><\/figure>\n<\/div>\n\n\n<p class=\"wp-block-paragraph\" style=\"font-size:20px\"><strong>Der gr\u00f6\u00dfte Bankraub aller Zeiten l\u00e4sst sich vermutlich nicht auf Heller und Pfennig beziffern, aber eines steht fest: Es war ein von der Bank sanktionierter <strong>Inside-Job<\/strong>. Daran besteht nicht der geringste Zweifel. Die T\u00e4ter waren eine Handvoll Devisen-Trader, die sich und ihrer Bank goldene Nasen verdienten, nachdem ihre Kollegen \u2013 die \u00bbArschgeigen aus der Kreditabteilung\u00ab \u2013 das globale Bankensystem gegen die Wand gefahren und im Gefolge davon Zigtausende ihrer H\u00e4user und Jobs und die \u00d6ffentlichkeit des Vertrauens in die Geldwirtschaft verlustig gegangen war. Was auch bedeutet, dass der gr\u00f6\u00dfte Bankraub einer war, an dem sich nicht zuletzt die Bank unseres Protagonisten gesundstie\u00df. Was diese ihm wiederum damit dankte, ihn nicht gehen zu lassen und einen erbarmungslosen Krieg gegen ihn zu f\u00fchren. <\/strong><\/p>\n\n\n\n<p class=\"wp-block-paragraph\" style=\"font-size:18px\">Als \u00dcbersetzer freue ich mich, ein Buch in die Hand zu bekommen, in dem etwas passiert, will sagen, in dem nicht nur mehr oder weniger dr\u00f6ge Theorien und Thesen vorgebracht und vertieft werden, die vor allem fachlich oder sachlich Interessierte, tja, interessieren, sondern in dem es auch so etwas wie eine Handlung, einen Plot gibt, bei dem sich die Frage aufdr\u00e4ngt: Wie geht das wohl aus? Und wenn sich dabei eher nebenbei noch, leicht verdaulich sozusagen, ein paar Einsichten abgreifen lassen, umso besser. Und genau so ein Buch ist <strong><em>Das Milliardenspiel<\/em><\/strong>.<\/p>\n\n\n\n<p class=\"has-medium-font-size wp-block-paragraph\"><strong><em>Das Milliardenspiel<\/em><\/strong> ist die Autobiographie, nein, der autobiographische Bericht, trifft es wohl besser, schlie\u00dflich ist der Verfasser gerade mal 35, eines jungen Mannes, dem sich ein Traum erf\u00fcllt, der ihm zum nicht enden wollenden Alptraum wird. <\/p>\n\n\n\n<p class=\"has-medium-font-size wp-block-paragraph\">Wann immer Gary Stevenson in der \u00e4rmlichen Ost-Londoner Gasse seiner Kindheit mit seinen Freunden Fu\u00dfball spielte, sah er \u00fcber den Lampenpfosten, die den kleinen Kickern als Tor dienten, die Spitzen der Bankt\u00fcrme auf Canary Wharf. Sie wurden ihm zum Inbild einer Welt, in die er wollte, und in der er sich, clever und ehrgeizig wie er war, denn schlie\u00dflich auch sah. Ein junges Mathe-Genie, schaffte er es in die renommierte London School of Economics und nach einer so unorthodoxen wie faszinierenden Aufnahmepr\u00fcfung auf den Trading Floor der Citibank, deren Name einen der drei imposanten T\u00fcrme am oberen Ende der Londoner Isle of Dogs ziert.<\/p>\n\n\n\n<p class=\"has-medium-font-size wp-block-paragraph\">Es ist eine Erfolgsgeschichte wie aus dem M\u00e4rchenbuch: Arbeiterkind mit entsprechendem Dialekt sieht er sich praktisch \u00fcber Nacht unter reichen Leuten, die Banker waren, weil schon ihre Eltern reich und\/oder Banker waren. Mehr oder weniger auf sich gestellt, bei\u00dft er sich als Devisenh\u00e4ndler auf dem Trading Floor durch, macht sich Freunde und noch mehr Feinde, hat zwei Jahre sp\u00e4ter seine erste Million und seiner Bank zig Millionen verdient. <\/p>\n\n\n\n<p class=\"has-medium-font-size wp-block-paragraph\">Hatte er als Steppke f\u00fcr 12 Pfund die Woche Zeitungen ausgetragen und als Student f\u00fcr 40 Pfund am Tag Kissen in einem Sofa-Shop aufgesch\u00fcttelt, belief sich sein erster \u00bbkleiner\u00ab Bonus jenseits des ohnehin schon guten Gehalts auf 13.000 Pfund \u2013 mehr als die H\u00e4lfte dessen, was sein Vater im Jahr bei der Post bekam. Der n\u00e4chste Bonus betr\u00e4gt schon 400.000 Pfund und dann geht es ab in die sechsstelligen Zahlen. Er wird der profitabelste Trader der Welt. Dem Lebensstil der Branche passt er sich eher widerwillig an, da es au\u00dferhalb des Berufs praktisch kein Leben gab. <\/p>\n\n\n\n<p class=\"has-medium-font-size wp-block-paragraph\">Das h\u00f6rt sich prosaisch an, aber die Art, wie Stevenson sein Abenteuer zu erz\u00e4hlen und seine Kollegen, Freunde und Feinde zu charakterisieren versteht, hat alle Qualit\u00e4ten eines guten Romans. Und dass man dabei die Mechanismen des Bankensystems weniger von der Theorie her denn aus der blutigen Praxis kennenlernt, macht das doppelt interessant. <\/p>\n\n\n\n<p class=\"has-medium-font-size wp-block-paragraph\">Wie auch immer, zum Problem wird dem jungen Mann, der ohnehin ein Au\u00dfenseiter in dieser Welt und bei aller Cleverness und Finesse durchaus naiv ist, dass er das gro\u00dfe Geld letztlich damit verdient, auf den Weltuntergang zu wetten, wie er selbst sagt. Als Trader Geld zu verdienen, sei \u00bbja nun wirklich einfach. Man brauchte nur auf Katastrophen zu wetten. Auf das Ende der Wirtschaft. Auf das Ende der Welt.\u00ab Das setzt ihm denn doch so zu, dass er aussteigen m\u00f6chte, aber dadurch w\u00fcrde er \u00fcber eine Million Pfund an Boni verlieren, die zeitlich versetzt ausgezahlt wurden. W\u00fcrde er k\u00fcndigen, m\u00fcsste er ohne sie gehen. <\/p>\n\n\n\n<p class=\"has-medium-font-size wp-block-paragraph\">Es kommt zu Reibereien mit seinem Arbeitgeber, zu Intrigen, man versetzt ihn nach Tokio, schikaniert ihn, versucht ihn klein zu kriegen. Die Japan-Kapitel allein schon machen das Buch lesenswert. Aber die Geschichte wird zunehmend dramatisch. Seine Gesundheit leidet darunter. Die Beziehung zu seiner Freundin geht in die Br\u00fcche. Sein ganzes Leben ger\u00e4t unter das Zeichen seines privaten Kriegs gegen die Bank. <\/p>\n\n\n\n<p class=\"has-medium-font-size wp-block-paragraph\">Merkw\u00fcrdig an der ganzen Geschichte ist, dass er bei aller Intelligenz und scharfsichtigen Einblicken in die Branche und seine Kollegen nie so recht darauf zu sprechen kommt, warum ihn das alles so mitnimmt, warum ihm das alles passiert. Und es passiert ja so einiges. Aber letztlich meint man fast, Estragon \u2013 oder Wladimir \u2013 vor sich zu haben, die ebenfalls keinen Plan haben, was zum Teufel oder wie ihnen da geschieht &#8230; <\/p>\n\n\n\n<p class=\"has-text-align-center has-x-large-font-size wp-block-paragraph\">*<\/p>\n\n\n\n<p class=\"has-medium-font-size wp-block-paragraph\">Weitere von mir \u00fcbersetzte Titel &#8230; <\/p>\n\t\t\t\t\t\t\t\t<\/div>\n\t\t\t\t<\/div>\n\t\t\t\t\t<\/div>\n\t\t\t\t<\/div>\n\t\t\t\t<\/div>\n\t\t","protected":false},"excerpt":{"rendered":"<p>Der gr\u00f6\u00dfte Bankraub aller Zeiten l\u00e4sst sich vermutlich nicht auf Heller und Pfennig beziffern, aber eines steht fest: Es war ein von der Bank sanktionierter Inside-Job. Daran besteht nicht der geringste Zweifel. Die T\u00e4ter waren eine Handvoll Devisen-Trader, die sich und ihrer Bank goldene Nasen verdienten, nachdem ihre Kollegen \u2013 die \u00bbArschgeigen aus der Kreditabteilung\u00ab [&hellip;]<\/p>\n","protected":false},"author":1,"featured_media":0,"parent":0,"menu_order":0,"comment_status":"closed","ping_status":"closed","template":"elementor_header_footer","meta":{"_crdt_document":"","ngg_post_thumbnail":0,"ocean_post_layout":"","ocean_both_sidebars_style":"","ocean_both_sidebars_content_width":0,"ocean_both_sidebars_sidebars_width":0,"ocean_sidebar":"","ocean_second_sidebar":"","ocean_disable_margins":"enable","ocean_add_body_class":"","ocean_shortcode_before_top_bar":"","ocean_shortcode_after_top_bar":"","ocean_shortcode_before_header":"","ocean_shortcode_after_header":"","ocean_has_shortcode":"","ocean_shortcode_after_title":"","ocean_shortcode_before_footer_widgets":"","ocean_shortcode_after_footer_widgets":"","ocean_shortcode_before_footer_bottom":"","ocean_shortcode_after_footer_bottom":"","ocean_display_top_bar":"default","ocean_display_header":"default","ocean_header_style":"","ocean_center_header_left_menu":"","ocean_custom_header_template":"","ocean_custom_logo":0,"ocean_custom_retina_logo":0,"ocean_custom_logo_max_width":0,"ocean_custom_logo_tablet_max_width":0,"ocean_custom_logo_mobile_max_width":0,"ocean_custom_logo_max_height":0,"ocean_custom_logo_tablet_max_height":0,"ocean_custom_logo_mobile_max_height":0,"ocean_header_custom_menu":"","ocean_menu_typo_font_family":"","ocean_menu_typo_font_subset":"","ocean_menu_typo_font_size":0,"ocean_menu_typo_font_size_tablet":0,"ocean_menu_typo_font_size_mobile":0,"ocean_menu_typo_font_size_unit":"px","ocean_menu_typo_font_weight":"","ocean_menu_typo_font_weight_tablet":"","ocean_menu_typo_font_weight_mobile":"","ocean_menu_typo_transform":"","ocean_menu_typo_transform_tablet":"","ocean_menu_typo_transform_mobile":"","ocean_menu_typo_line_height":0,"ocean_menu_typo_line_height_tablet":0,"ocean_menu_typo_line_height_mobile":0,"ocean_menu_typo_line_height_unit":"","ocean_menu_typo_spacing":0,"ocean_menu_typo_spacing_tablet":0,"ocean_menu_typo_spacing_mobile":0,"ocean_menu_typo_spacing_unit":"","ocean_menu_link_color":"","ocean_menu_link_color_hover":"","ocean_menu_link_color_active":"","ocean_menu_link_background":"","ocean_menu_link_hover_background":"","ocean_menu_link_active_background":"","ocean_menu_social_links_bg":"","ocean_menu_social_hover_links_bg":"","ocean_menu_social_links_color":"","ocean_menu_social_hover_links_color":"","ocean_disable_title":"default","ocean_disable_heading":"default","ocean_post_title":"","ocean_post_subheading":"","ocean_post_title_style":"","ocean_post_title_background_color":"","ocean_post_title_background":0,"ocean_post_title_bg_image_position":"","ocean_post_title_bg_image_attachment":"","ocean_post_title_bg_image_repeat":"","ocean_post_title_bg_image_size":"","ocean_post_title_height":0,"ocean_post_title_bg_overlay":0.5,"ocean_post_title_bg_overlay_color":"","ocean_disable_breadcrumbs":"default","ocean_breadcrumbs_color":"","ocean_breadcrumbs_separator_color":"","ocean_breadcrumbs_links_color":"","ocean_breadcrumbs_links_hover_color":"","ocean_display_footer_widgets":"default","ocean_display_footer_bottom":"default","ocean_custom_footer_template":"","footnotes":""},"categories":[],"tags":[],"class_list":["post-2839","page","type-page","status-publish","hentry","entry"],"_links":{"self":[{"href":"https:\/\/www.slangtimes.com\/bernhardschmid\/wp-json\/wp\/v2\/pages\/2839","targetHints":{"allow":["GET"]}}],"collection":[{"href":"https:\/\/www.slangtimes.com\/bernhardschmid\/wp-json\/wp\/v2\/pages"}],"about":[{"href":"https:\/\/www.slangtimes.com\/bernhardschmid\/wp-json\/wp\/v2\/types\/page"}],"author":[{"embeddable":true,"href":"https:\/\/www.slangtimes.com\/bernhardschmid\/wp-json\/wp\/v2\/users\/1"}],"replies":[{"embeddable":true,"href":"https:\/\/www.slangtimes.com\/bernhardschmid\/wp-json\/wp\/v2\/comments?post=2839"}],"version-history":[{"count":3,"href":"https:\/\/www.slangtimes.com\/bernhardschmid\/wp-json\/wp\/v2\/pages\/2839\/revisions"}],"predecessor-version":[{"id":3039,"href":"https:\/\/www.slangtimes.com\/bernhardschmid\/wp-json\/wp\/v2\/pages\/2839\/revisions\/3039"}],"wp:attachment":[{"href":"https:\/\/www.slangtimes.com\/bernhardschmid\/wp-json\/wp\/v2\/media?parent=2839"}],"wp:term":[{"taxonomy":"category","embeddable":true,"href":"https:\/\/www.slangtimes.com\/bernhardschmid\/wp-json\/wp\/v2\/categories?post=2839"},{"taxonomy":"post_tag","embeddable":true,"href":"https:\/\/www.slangtimes.com\/bernhardschmid\/wp-json\/wp\/v2\/tags?post=2839"}],"curies":[{"name":"wp","href":"https:\/\/api.w.org\/{rel}","templated":true}]}}