{"id":2252,"date":"2023-10-07T08:11:47","date_gmt":"2023-10-07T08:11:47","guid":{"rendered":"https:\/\/www.slangtimes.com\/bernhardschmid\/?page_id=2252"},"modified":"2024-05-25T14:31:47","modified_gmt":"2024-05-25T14:31:47","slug":"einige-beitraege","status":"publish","type":"page","link":"https:\/\/www.slangtimes.com\/bernhardschmid\/einige-beitraege\/","title":{"rendered":"Einige Beitr\u00e4ge &#8230;"},"content":{"rendered":"\n<p class=\"wp-block-paragraph\" style=\"font-size:30px\">Nachdem mir wei\u00df Gott welches Update von wei\u00df Gott was die Site ganz abscheulich zerschossen hat, muss ich mich erst neu einarbeiten; deshalb hier behelfsm\u00e4\u00dfig einige der Links, die fr\u00fcher in der Seitenspalte zu finden waren.<\/p>\n\n\n\n<p class=\"wp-block-paragraph\"><a href=\"https:\/\/www.slangtimes.com\/bernhardschmid\/kleine-werkschau\/ubersetzen-als-handwerk\/\">\u2014 \u00dcbersetzen als Handwerk<\/a><\/p>\n\n\n\n<p class=\"wp-block-paragraph\"><a href=\"https:\/\/www.slangtimes.com\/bernhardschmid\/3195-2\/\">\u00bbin an agony of\u00ab \u2013 von den Agonien \u00fcbersetzerischer Fortbildung 1<br><\/a><a href=\"https:\/\/www.slangtimes.com\/bernhardschmid\/in-an-agony-of-von-den-agonien-uebersetzerischer-fortbildung-2\/\">\u00bbin an agony of\u00ab \u2013 von den Agonien \u00fcbersetzerischer Fortbildung<\/a> 2<a href=\"https:\/\/www.slangtimes.com\/bernhardschmid\/auf-den-zweiten-blick-1\/\"><br>Auf den zweiten Blick\u2026 (1)<\/a><\/p>\n\n\n\n<p class=\"wp-block-paragraph\"><a href=\"https:\/\/www.slangtimes.com\/bernhardschmid\/bob-dylan-american-troubadour\/\">Bob Dylan \u2013 American Troubadour<br><\/a><a href=\"https:\/\/www.slangtimes.com\/bernhardschmid\/david-graebers-occupy-buch-geschachtelter-stress\/\">David Graebers Occupy-Buch \u2013 Geschachtelter Stress<\/a><br><a href=\"https:\/\/www.slangtimes.com\/bernhardschmid\/gilbert-keith-chesterton-william-blake\/\">Gilbert Keith Chesterton \u2013 William Blake<\/a><br><a href=\"https:\/\/www.slangtimes.com\/bernhardschmid\/shoshana-zuboff\/\">Shoshana Zuboff<\/a><a href=\"https:\/\/www.slangtimes.com\/bernhardschmid\/die-etwas-andere-buchhandlung\/\"><br>Ich stelle vor: Die etwas andere Buchhandlung<\/a><a href=\"https:\/\/www.slangtimes.com\/bernhardschmid\/nigel-kennedy-die-biographie-aus-dem-lockdown\/\"><br>Nigel Kennedy \u2013 Die Biographie aus dem Lockdown<\/a><\/p>\n\n\n\n<p class=\"wp-block-paragraph\">David Graebers Occupy-Buch \u2013 Geschachtelter Stress<br>G.K. Chesterton \u2013 William Blake<br>Gail Sheehy \u2013 Gorbatschow<br>Gilbert Keith Chesterton \u2013 William Blake<br>Gilbert Keith Chesterton \u2013 William Blake (4)<br>Gilbert Keith Chesterton \u2013 William Blake (3)<br>Gilbert Keith Chesterton \u2013 William Blake (5)<br>Ich stelle vor: Die etwas andere Buchhandlung<br>Einige Beitr\u00e4ge \u2026 \u2014 Entwurf<br>Impressum<br>Datenschutzerkl\u00e4rung \u2014 Seite Datenschutzerkl\u00e4rung<\/p>\n\n\n\n<p class=\"wp-block-paragraph\"><\/p>\n","protected":false},"excerpt":{"rendered":"<p>Nachdem mir wei\u00df Gott welches Update von wei\u00df Gott was die Site ganz abscheulich zerschossen hat, muss ich mich erst neu einarbeiten; deshalb hier behelfsm\u00e4\u00dfig einige der Links, die fr\u00fcher in der Seitenspalte zu finden waren. \u2014 \u00dcbersetzen als Handwerk \u00bbin an agony of\u00ab \u2013 von den Agonien \u00fcbersetzerischer Fortbildung 1\u00bbin an agony of\u00ab \u2013 [&hellip;]<\/p>\n","protected":false},"author":1,"featured_media":0,"parent":0,"menu_order":0,"comment_status":"closed","ping_status":"closed","template":"","meta":{"_crdt_document":"","ngg_post_thumbnail":0,"ocean_post_layout":"","ocean_both_sidebars_style":"","ocean_both_sidebars_content_width":0,"ocean_both_sidebars_sidebars_width":0,"ocean_sidebar":"","ocean_second_sidebar":"","ocean_disable_margins":"enable","ocean_add_body_class":"","ocean_shortcode_before_top_bar":"","ocean_shortcode_after_top_bar":"","ocean_shortcode_before_header":"","ocean_shortcode_after_header":"","ocean_has_shortcode":"","ocean_shortcode_after_title":"","ocean_shortcode_before_footer_widgets":"","ocean_shortcode_after_footer_widgets":"","ocean_shortcode_before_footer_bottom":"","ocean_shortcode_after_footer_bottom":"","ocean_display_top_bar":"default","ocean_display_header":"default","ocean_header_style":"","ocean_center_header_left_menu":"","ocean_custom_header_template":"","ocean_custom_logo":0,"ocean_custom_retina_logo":0,"ocean_custom_logo_max_width":0,"ocean_custom_logo_tablet_max_width":0,"ocean_custom_logo_mobile_max_width":0,"ocean_custom_logo_max_height":0,"ocean_custom_logo_tablet_max_height":0,"ocean_custom_logo_mobile_max_height":0,"ocean_header_custom_menu":"","ocean_menu_typo_font_family":"","ocean_menu_typo_font_subset":"","ocean_menu_typo_font_size":0,"ocean_menu_typo_font_size_tablet":0,"ocean_menu_typo_font_size_mobile":0,"ocean_menu_typo_font_size_unit":"px","ocean_menu_typo_font_weight":"","ocean_menu_typo_font_weight_tablet":"","ocean_menu_typo_font_weight_mobile":"","ocean_menu_typo_transform":"","ocean_menu_typo_transform_tablet":"","ocean_menu_typo_transform_mobile":"","ocean_menu_typo_line_height":0,"ocean_menu_typo_line_height_tablet":0,"ocean_menu_typo_line_height_mobile":0,"ocean_menu_typo_line_height_unit":"","ocean_menu_typo_spacing":0,"ocean_menu_typo_spacing_tablet":0,"ocean_menu_typo_spacing_mobile":0,"ocean_menu_typo_spacing_unit":"","ocean_menu_link_color":"","ocean_menu_link_color_hover":"","ocean_menu_link_color_active":"","ocean_menu_link_background":"","ocean_menu_link_hover_background":"","ocean_menu_link_active_background":"","ocean_menu_social_links_bg":"","ocean_menu_social_hover_links_bg":"","ocean_menu_social_links_color":"","ocean_menu_social_hover_links_color":"","ocean_disable_title":"default","ocean_disable_heading":"default","ocean_post_title":"","ocean_post_subheading":"","ocean_post_title_style":"","ocean_post_title_background_color":"","ocean_post_title_background":0,"ocean_post_title_bg_image_position":"","ocean_post_title_bg_image_attachment":"","ocean_post_title_bg_image_repeat":"","ocean_post_title_bg_image_size":"","ocean_post_title_height":0,"ocean_post_title_bg_overlay":0.5,"ocean_post_title_bg_overlay_color":"","ocean_disable_breadcrumbs":"default","ocean_breadcrumbs_color":"","ocean_breadcrumbs_separator_color":"","ocean_breadcrumbs_links_color":"","ocean_breadcrumbs_links_hover_color":"","ocean_display_footer_widgets":"default","ocean_display_footer_bottom":"default","ocean_custom_footer_template":"","footnotes":""},"categories":[],"tags":[],"class_list":["post-2252","page","type-page","status-publish","hentry","entry"],"_links":{"self":[{"href":"https:\/\/www.slangtimes.com\/bernhardschmid\/wp-json\/wp\/v2\/pages\/2252","targetHints":{"allow":["GET"]}}],"collection":[{"href":"https:\/\/www.slangtimes.com\/bernhardschmid\/wp-json\/wp\/v2\/pages"}],"about":[{"href":"https:\/\/www.slangtimes.com\/bernhardschmid\/wp-json\/wp\/v2\/types\/page"}],"author":[{"embeddable":true,"href":"https:\/\/www.slangtimes.com\/bernhardschmid\/wp-json\/wp\/v2\/users\/1"}],"replies":[{"embeddable":true,"href":"https:\/\/www.slangtimes.com\/bernhardschmid\/wp-json\/wp\/v2\/comments?post=2252"}],"version-history":[{"count":3,"href":"https:\/\/www.slangtimes.com\/bernhardschmid\/wp-json\/wp\/v2\/pages\/2252\/revisions"}],"predecessor-version":[{"id":3214,"href":"https:\/\/www.slangtimes.com\/bernhardschmid\/wp-json\/wp\/v2\/pages\/2252\/revisions\/3214"}],"wp:attachment":[{"href":"https:\/\/www.slangtimes.com\/bernhardschmid\/wp-json\/wp\/v2\/media?parent=2252"}],"wp:term":[{"taxonomy":"category","embeddable":true,"href":"https:\/\/www.slangtimes.com\/bernhardschmid\/wp-json\/wp\/v2\/categories?post=2252"},{"taxonomy":"post_tag","embeddable":true,"href":"https:\/\/www.slangtimes.com\/bernhardschmid\/wp-json\/wp\/v2\/tags?post=2252"}],"curies":[{"name":"wp","href":"https:\/\/api.w.org\/{rel}","templated":true}]}}