{"id":1919,"date":"2021-11-09T09:45:13","date_gmt":"2021-11-09T09:45:13","guid":{"rendered":"https:\/\/www.slangtimes.com\/bernhardschmid\/?page_id=1919"},"modified":"2023-10-06T18:16:21","modified_gmt":"2023-10-06T18:16:21","slug":"die-etwas-andere-buchhandlung","status":"publish","type":"page","link":"https:\/\/www.slangtimes.com\/bernhardschmid\/die-etwas-andere-buchhandlung\/","title":{"rendered":"Ich stelle vor: Die etwas andere Buchhandlung"},"content":{"rendered":"\n<div style=\"height:50px\" aria-hidden=\"true\" class=\"wp-block-spacer\"><\/div>\n\n\n\n<figure class=\"wp-block-image size-large\"><a href=\"https:\/\/www.slangtimes.com\/bernhardschmid\/wp-content\/uploads\/2021\/11\/autwelt1.png\"><img fetchpriority=\"high\" decoding=\"async\" width=\"1024\" height=\"144\" src=\"https:\/\/www.slangtimes.com\/bernhardschmid\/wp-content\/uploads\/2021\/11\/autwelt1-1024x144.png\" alt=\"\" class=\"wp-image-1900\" srcset=\"https:\/\/www.slangtimes.com\/bernhardschmid\/wp-content\/uploads\/2021\/11\/autwelt1-1024x144.png 1024w, https:\/\/www.slangtimes.com\/bernhardschmid\/wp-content\/uploads\/2021\/11\/autwelt1-300x42.png 300w, https:\/\/www.slangtimes.com\/bernhardschmid\/wp-content\/uploads\/2021\/11\/autwelt1-768x108.png 768w, https:\/\/www.slangtimes.com\/bernhardschmid\/wp-content\/uploads\/2021\/11\/autwelt1-1536x217.png 1536w, https:\/\/www.slangtimes.com\/bernhardschmid\/wp-content\/uploads\/2021\/11\/autwelt1-2048x289.png 2048w\" sizes=\"(max-width: 1024px) 100vw, 1024px\" \/><\/a><\/figure>\n\n\n\n<div style=\"height:50px\" aria-hidden=\"true\" class=\"wp-block-spacer\"><\/div>\n\n\n\n<h2 class=\"wp-block-heading has-normal-font-size\"> \u00bbEntstehen soll eine Plattform von und f\u00fcr AutorInnen, die ihnen in naher Zukunft selbst geh\u00f6rt. Auf ihr soll s\u00e4mtliches Wissen und sollen s\u00e4mtliche Dienstleistungen vermittelt und bereitgestellt werden, die AutorInnen brauchen, um ihre Texte zu ver\u00f6ffentlichen. Die Plattform soll das Zuhause der deutschsprachigen AutorInnen im Internet sein und den Prozess ihrer Emanzipation gegen\u00fcber den Verlagen und dem Online-H\u00e4ndler Amazon ma\u00dfgeblich vorantreiben. Gemeinsam mit freien Lektorinnen, fair arbeitenden Dienstleistern und TestleserInnen sollen AutorInnen an ihren Texten und deren Pr\u00e4sentation auf dieser Plattform so lange feilen k\u00f6nnen, bis ihre Texte \u00bbreif\u00ab sind. \u00dcber einen eigenen Shop, der zur Plattform geh\u00f6rt, werden diese Texte an die Leserinnen und Leser verkauft. Der Shop ist wirtschaftlich das Herz der Plattform.\u00ab<\/h2>\n\n\n\n<h2 class=\"wp-block-heading has-normal-font-size\"> Diesem Zitat sei nur noch hinzuzuf\u00fcgen, dass die Plattform auch uns \u00dcbersetzern dienen m\u00f6chte &#8230;   <\/h2>\n\n\n\n<h2 class=\"wp-block-heading has-normal-font-size\">Probieren Sie&#8217;s einfach mit einem Klick auf einen der Titel mal aus &amp; schauen sich dort um &#8230; <\/h2>\n\n\n\n<figure class=\"wp-block-table aligncenter\"><table class=\"has-text-color\" style=\"color:#fefed8\"><tbody><tr><td><\/td><td><\/td><td><\/td><\/tr><tr><td><a href=\"https:\/\/shop.autorenwelt.de\/products\/mission-auf-dem-weg-zu-einer-neuen-wirtschaft-von-mariana-mazzucato\" target=\"_blank\" rel=\"noreferrer noopener\"><img decoding=\"async\" width=\"250\" height=\"396\" class=\"wp-image-1905\" style=\"width: 250px;\" src=\"https:\/\/www.slangtimes.com\/bernhardschmid\/wp-content\/uploads\/2021\/11\/mazcov_92_250.jpg\" alt=\"\" srcset=\"https:\/\/www.slangtimes.com\/bernhardschmid\/wp-content\/uploads\/2021\/11\/mazcov_92_250.jpg 250w, https:\/\/www.slangtimes.com\/bernhardschmid\/wp-content\/uploads\/2021\/11\/mazcov_92_250-189x300.jpg 189w\" sizes=\"(max-width: 250px) 100vw, 250px\" \/><\/a><\/td><td><a href=\"https:\/\/shop.autorenwelt.de\/products\/das-wanken-der-welt-wie-1933-der-weltfrieden-verspielt-wurde-von-paul-jankowski\" target=\"_blank\" rel=\"noreferrer noopener\"><img decoding=\"async\" width=\"250\" height=\"379\" class=\"wp-image-1906\" style=\"width: 250px;\" src=\"https:\/\/www.slangtimes.com\/bernhardschmid\/wp-content\/uploads\/2021\/11\/Jancov_92_250.jpg\" alt=\"\" srcset=\"https:\/\/www.slangtimes.com\/bernhardschmid\/wp-content\/uploads\/2021\/11\/Jancov_92_250.jpg 250w, https:\/\/www.slangtimes.com\/bernhardschmid\/wp-content\/uploads\/2021\/11\/Jancov_92_250-198x300.jpg 198w\" sizes=\"(max-width: 250px) 100vw, 250px\" \/><\/a><\/td><td><a href=\"https:\/\/shop.autorenwelt.de\/products\/die-datendiktatur-wie-wahlen-manipuliert-werden-von-brittany-kaiser\" target=\"_blank\" rel=\"noreferrer noopener\"><img loading=\"lazy\" decoding=\"async\" width=\"250\" height=\"389\" class=\"wp-image-1907\" style=\"width: 250px;\" src=\"https:\/\/www.slangtimes.com\/bernhardschmid\/wp-content\/uploads\/2021\/11\/Kaicov_92_250.jpg\" alt=\"\" srcset=\"https:\/\/www.slangtimes.com\/bernhardschmid\/wp-content\/uploads\/2021\/11\/Kaicov_92_250.jpg 250w, https:\/\/www.slangtimes.com\/bernhardschmid\/wp-content\/uploads\/2021\/11\/Kaicov_92_250-193x300.jpg 193w\" sizes=\"(max-width: 250px) 100vw, 250px\" \/><\/a><\/td><\/tr><tr><td><\/td><td><\/td><td><\/td><\/tr><tr><td><a href=\"https:\/\/shop.autorenwelt.de\/products\/die-macht-des-schlechten-nicht-mehr-schwarzsehen-und-gut-leben-von-roy-f-baumeister-john-tierney\" target=\"_blank\" rel=\"noreferrer noopener\"><img loading=\"lazy\" decoding=\"async\" width=\"250\" height=\"390\" class=\"wp-image-1909\" style=\"width: 250px;\" src=\"https:\/\/www.slangtimes.com\/bernhardschmid\/wp-content\/uploads\/2021\/11\/baucov_92_250.jpg\" alt=\"\" srcset=\"https:\/\/www.slangtimes.com\/bernhardschmid\/wp-content\/uploads\/2021\/11\/baucov_92_250.jpg 250w, https:\/\/www.slangtimes.com\/bernhardschmid\/wp-content\/uploads\/2021\/11\/baucov_92_250-192x300.jpg 192w\" sizes=\"(max-width: 250px) 100vw, 250px\" \/><\/a><\/td><td><a href=\"https:\/\/shop.autorenwelt.de\/products\/der-allesverkaufer-jeff-bezos-und-das-imperium-von-amazon-von-brad-stone\" target=\"_blank\" rel=\"noreferrer noopener\"><img loading=\"lazy\" decoding=\"async\" width=\"250\" height=\"400\" class=\"wp-image-1910\" style=\"width: 250px;\" src=\"https:\/\/www.slangtimes.com\/bernhardschmid\/wp-content\/uploads\/2021\/11\/Ston1cov_92_250.jpg\" alt=\"\" srcset=\"https:\/\/www.slangtimes.com\/bernhardschmid\/wp-content\/uploads\/2021\/11\/Ston1cov_92_250.jpg 250w, https:\/\/www.slangtimes.com\/bernhardschmid\/wp-content\/uploads\/2021\/11\/Ston1cov_92_250-188x300.jpg 188w\" sizes=\"(max-width: 250px) 100vw, 250px\" \/><\/a><\/td><td><a href=\"https:\/\/shop.autorenwelt.de\/products\/das-zeitalter-des-uberwachungskapitalismus-von-shoshana-zuboff\" target=\"_blank\" rel=\"noreferrer noopener\"><img loading=\"lazy\" decoding=\"async\" width=\"250\" height=\"373\" class=\"wp-image-1148\" style=\"width: 250px;\" src=\"https:\/\/www.slangtimes.com\/bernhardschmid\/wp-content\/uploads\/2019\/02\/zuboff60_92.jpg\" alt=\"\" srcset=\"https:\/\/www.slangtimes.com\/bernhardschmid\/wp-content\/uploads\/2019\/02\/zuboff60_92.jpg 565w, https:\/\/www.slangtimes.com\/bernhardschmid\/wp-content\/uploads\/2019\/02\/zuboff60_92-201x300.jpg 201w\" sizes=\"(max-width: 250px) 100vw, 250px\" \/><\/a><\/td><\/tr><tr><td><\/td><td><\/td><td><\/td><\/tr><\/tbody><\/table><\/figure>\n\n\n\n<h2 class=\"wp-block-heading has-text-align-center has-normal-font-size\"> Dieses Jahr bot sich gleich zweimal die Gelegenheit zur Zusammenarbeit <br>mit einigen KollegInnen: <\/h2>\n\n\n\n<figure class=\"wp-block-table aligncenter\"><table class=\"has-text-color\" style=\"color:#fefed8\"><tbody><tr><td><\/td><td><\/td><\/tr><tr><td><a href=\"https:\/\/shop.autorenwelt.de\/products\/amazon-unaufhaltsam-wie-jeff-bezos-das-machtigste-unternehmen-der-welt-erschafft-autor-des-new-york-times-bestsellers-der-allesverkaufer-deutsche-ausgabe-von-amazon-unbound-von-brad-stone\" target=\"_blank\" rel=\"noreferrer noopener\"><img loading=\"lazy\" decoding=\"async\" width=\"300\" height=\"454\" class=\"wp-image-1911\" style=\"width: 300px;\" src=\"https:\/\/www.slangtimes.com\/bernhardschmid\/wp-content\/uploads\/2021\/11\/Sto2Cov_92_300.jpg\" alt=\"\" srcset=\"https:\/\/www.slangtimes.com\/bernhardschmid\/wp-content\/uploads\/2021\/11\/Sto2Cov_92_300.jpg 300w, https:\/\/www.slangtimes.com\/bernhardschmid\/wp-content\/uploads\/2021\/11\/Sto2Cov_92_300-198x300.jpg 198w\" sizes=\"(max-width: 300px) 100vw, 300px\" \/><\/a><\/td><td><a href=\"https:\/\/shop.autorenwelt.de\/products\/will-die-autobiografie-von-will-smith-mark-manson\"><img loading=\"lazy\" decoding=\"async\" width=\"300\" height=\"442\" class=\"wp-image-1912\" style=\"width: 300px;\" src=\"https:\/\/www.slangtimes.com\/bernhardschmid\/wp-content\/uploads\/2021\/11\/Smicov_92.jpg\" alt=\"\" srcset=\"https:\/\/www.slangtimes.com\/bernhardschmid\/wp-content\/uploads\/2021\/11\/Smicov_92.jpg 565w, https:\/\/www.slangtimes.com\/bernhardschmid\/wp-content\/uploads\/2021\/11\/Smicov_92-204x300.jpg 204w\" sizes=\"(max-width: 300px) 100vw, 300px\" \/><\/a><\/td><\/tr><tr><td><\/td><td><\/td><\/tr><\/tbody><\/table><\/figure>\n","protected":false},"excerpt":{"rendered":"<p>\u00bbEntstehen soll eine Plattform von und f\u00fcr AutorInnen, die ihnen in naher Zukunft selbst geh\u00f6rt. Auf ihr soll s\u00e4mtliches Wissen und sollen s\u00e4mtliche Dienstleistungen vermittelt und bereitgestellt werden, die AutorInnen brauchen, um ihre Texte zu ver\u00f6ffentlichen. Die Plattform soll das Zuhause der deutschsprachigen AutorInnen im Internet sein und den Prozess ihrer Emanzipation gegen\u00fcber den Verlagen [&hellip;]<\/p>\n","protected":false},"author":1,"featured_media":0,"parent":0,"menu_order":0,"comment_status":"closed","ping_status":"closed","template":"","meta":{"_crdt_document":"","ngg_post_thumbnail":0,"ocean_post_layout":"","ocean_both_sidebars_style":"","ocean_both_sidebars_content_width":0,"ocean_both_sidebars_sidebars_width":0,"ocean_sidebar":"0","ocean_second_sidebar":"0","ocean_disable_margins":"enable","ocean_add_body_class":"","ocean_shortcode_before_top_bar":"","ocean_shortcode_after_top_bar":"","ocean_shortcode_before_header":"","ocean_shortcode_after_header":"","ocean_has_shortcode":"","ocean_shortcode_after_title":"","ocean_shortcode_before_footer_widgets":"","ocean_shortcode_after_footer_widgets":"","ocean_shortcode_before_footer_bottom":"","ocean_shortcode_after_footer_bottom":"","ocean_display_top_bar":"default","ocean_display_header":"default","ocean_header_style":"","ocean_center_header_left_menu":"0","ocean_custom_header_template":"0","ocean_custom_logo":0,"ocean_custom_retina_logo":0,"ocean_custom_logo_max_width":0,"ocean_custom_logo_tablet_max_width":0,"ocean_custom_logo_mobile_max_width":0,"ocean_custom_logo_max_height":0,"ocean_custom_logo_tablet_max_height":0,"ocean_custom_logo_mobile_max_height":0,"ocean_header_custom_menu":"0","ocean_menu_typo_font_family":"0","ocean_menu_typo_font_subset":"","ocean_menu_typo_font_size":0,"ocean_menu_typo_font_size_tablet":0,"ocean_menu_typo_font_size_mobile":0,"ocean_menu_typo_font_size_unit":"px","ocean_menu_typo_font_weight":"","ocean_menu_typo_font_weight_tablet":"","ocean_menu_typo_font_weight_mobile":"","ocean_menu_typo_transform":"","ocean_menu_typo_transform_tablet":"","ocean_menu_typo_transform_mobile":"","ocean_menu_typo_line_height":0,"ocean_menu_typo_line_height_tablet":0,"ocean_menu_typo_line_height_mobile":0,"ocean_menu_typo_line_height_unit":"","ocean_menu_typo_spacing":0,"ocean_menu_typo_spacing_tablet":0,"ocean_menu_typo_spacing_mobile":0,"ocean_menu_typo_spacing_unit":"","ocean_menu_link_color":"","ocean_menu_link_color_hover":"","ocean_menu_link_color_active":"","ocean_menu_link_background":"","ocean_menu_link_hover_background":"","ocean_menu_link_active_background":"","ocean_menu_social_links_bg":"","ocean_menu_social_hover_links_bg":"","ocean_menu_social_links_color":"","ocean_menu_social_hover_links_color":"","ocean_disable_title":"default","ocean_disable_heading":"default","ocean_post_title":"","ocean_post_subheading":"","ocean_post_title_style":"","ocean_post_title_background_color":"","ocean_post_title_background":0,"ocean_post_title_bg_image_position":"","ocean_post_title_bg_image_attachment":"","ocean_post_title_bg_image_repeat":"","ocean_post_title_bg_image_size":"","ocean_post_title_height":0,"ocean_post_title_bg_overlay":0.5,"ocean_post_title_bg_overlay_color":"","ocean_disable_breadcrumbs":"default","ocean_breadcrumbs_color":"","ocean_breadcrumbs_separator_color":"","ocean_breadcrumbs_links_color":"","ocean_breadcrumbs_links_hover_color":"","ocean_display_footer_widgets":"default","ocean_display_footer_bottom":"default","ocean_custom_footer_template":"0","footnotes":""},"categories":[],"tags":[],"class_list":["post-1919","page","type-page","status-publish","hentry","entry"],"_links":{"self":[{"href":"https:\/\/www.slangtimes.com\/bernhardschmid\/wp-json\/wp\/v2\/pages\/1919","targetHints":{"allow":["GET"]}}],"collection":[{"href":"https:\/\/www.slangtimes.com\/bernhardschmid\/wp-json\/wp\/v2\/pages"}],"about":[{"href":"https:\/\/www.slangtimes.com\/bernhardschmid\/wp-json\/wp\/v2\/types\/page"}],"author":[{"embeddable":true,"href":"https:\/\/www.slangtimes.com\/bernhardschmid\/wp-json\/wp\/v2\/users\/1"}],"replies":[{"embeddable":true,"href":"https:\/\/www.slangtimes.com\/bernhardschmid\/wp-json\/wp\/v2\/comments?post=1919"}],"version-history":[{"count":3,"href":"https:\/\/www.slangtimes.com\/bernhardschmid\/wp-json\/wp\/v2\/pages\/1919\/revisions"}],"predecessor-version":[{"id":2187,"href":"https:\/\/www.slangtimes.com\/bernhardschmid\/wp-json\/wp\/v2\/pages\/1919\/revisions\/2187"}],"wp:attachment":[{"href":"https:\/\/www.slangtimes.com\/bernhardschmid\/wp-json\/wp\/v2\/media?parent=1919"}],"wp:term":[{"taxonomy":"category","embeddable":true,"href":"https:\/\/www.slangtimes.com\/bernhardschmid\/wp-json\/wp\/v2\/categories?post=1919"},{"taxonomy":"post_tag","embeddable":true,"href":"https:\/\/www.slangtimes.com\/bernhardschmid\/wp-json\/wp\/v2\/tags?post=1919"}],"curies":[{"name":"wp","href":"https:\/\/api.w.org\/{rel}","templated":true}]}}