{"id":1410,"date":"2019-02-11T12:10:05","date_gmt":"2019-02-11T12:10:05","guid":{"rendered":"http:\/\/www.slangtimes.com\/bernhardschmid\/?p=1410"},"modified":"2023-10-06T18:20:18","modified_gmt":"2023-10-06T18:20:18","slug":"zuboff-das-zeitalter-des-ueberwachungskapitalismus-materialien-2","status":"publish","type":"page","link":"https:\/\/www.slangtimes.com\/bernhardschmid\/zuboff-das-zeitalter-des-ueberwachungskapitalismus-materialien-2\/","title":{"rendered":"Zuboff: Das Zeitalter des \u00dcberwachungskapitalismus (Materialien 2)"},"content":{"rendered":"<p><a href=\"https:\/\/www.slangtimes.com\/bernhardschmid\/\" rel=\"attachment wp-att-1148\"><img fetchpriority=\"high\" decoding=\"async\" class=\"alignleft wp-image-1148 size-medium\" src=\"http:\/\/www.slangtimes.com\/bernhardschmid\/wp-content\/uploads\/2019\/02\/zuboff60_92-201x300.jpg\" alt=\"\" width=\"201\" height=\"300\" srcset=\"https:\/\/www.slangtimes.com\/bernhardschmid\/wp-content\/uploads\/2019\/02\/zuboff60_92-201x300.jpg 201w, https:\/\/www.slangtimes.com\/bernhardschmid\/wp-content\/uploads\/2019\/02\/zuboff60_92.jpg 565w\" sizes=\"(max-width: 201px) 100vw, 201px\" \/><\/a><\/p>\n<p style=\"text-align: center;\">~~~<\/p>\n<p>Eine Auswahl von Materialien (den ersten Teil finden sie <a href=\"https:\/\/www.slangtimes.com\/bernhardschmid\/2019-02-09\/zuboff-das-zeitalter-des-ueberwachungskapitalismus-materialien\/\">hier<\/a>) zur eingehenderen Besch\u00e4ftigung mit Shoshana Zuboffs&nbsp;bei Campus erschienenem <em><strong>Das Zeitalter des \u00dcberwachungskapitalismus<\/strong>, <\/em>ein Werk, das sich \u00fcber kurz oder lang einen Platz neben <strong>Adam Smith<\/strong>, <strong>Jean Baptiste Say<\/strong>, <strong>John Stuart Mill<\/strong>, <strong>Karl Marx<\/strong>, <strong>John Maynard Keynes<\/strong>, <strong>Joseph A. Schumpeter<\/strong>, <strong>Milton Friedman<\/strong> und \u00e4hnlichen Koryph\u00e4en im Basics-Regal der Wirtschaftswissenschaften erobern wird.<\/p>\n<p style=\"text-align: center;\">~~~<\/p>\n<p style=\"text-align: center;\">Ein kleines Glossar zum Buch finden Sie <a href=\"https:\/\/www.slangtimes.com\/bernhardschmid\/\">hier<\/a>:<\/p>\n<p style=\"text-align: center;\">~~~<\/p>\n<p>Falls Sie mehr \u00fcber diese und andere einflussreiche Wirtschaftstheoretiker wissen \u2013 ohne gleich studieren zu \u2013 wollen, mir haben bei der \u00dcbersetzung von <strong>Shoshana Zuboff<\/strong>s Titel wie auch bei dem von <a href=\"https:\/\/www.slangtimes.com\/bernhardschmid\/2019-02-08\/mariana-mazzucato-wie-kommt-der-wert-in-die-welt\/\"><strong>Mariana Mazzucato<\/strong><\/a> unter vielen anderen besonders der von <strong>Heinz D. Kurz<\/strong> herausgegebenen Titel <em><strong>Klassiker des \u00f6kononomischen Denkens<\/strong><\/em> (Band 1 &amp; 2) sowie seine <em><strong>Geschichte des \u00f6konomischen Denkens<\/strong><\/em> immer wieder beste Dienste erwiesen. Aber das nur nebenbei. Nehmen Sie wie ich die Kindle-Ausgaben, die hat man rasch bei der Hand &amp; erweisen sich gerade bei der Suche als besonders praktisch.<\/p>\n<p><img decoding=\"async\" class=\"aligncenter wp-image-1416 size-medium\" src=\"http:\/\/www.slangtimes.com\/bernhardschmid\/wp-content\/uploads\/2019\/02\/kurz1-196x300.jpg\" alt=\"\" width=\"196\" height=\"300\" srcset=\"https:\/\/www.slangtimes.com\/bernhardschmid\/wp-content\/uploads\/2019\/02\/kurz1-196x300.jpg 196w, https:\/\/www.slangtimes.com\/bernhardschmid\/wp-content\/uploads\/2019\/02\/kurz1.jpg 270w\" sizes=\"(max-width: 196px) 100vw, 196px\" \/><\/p>\n<p style=\"text-align: center;\">~~~<\/p>\n<p style=\"text-align: center;\"><img decoding=\"async\" class=\"aligncenter wp-image-1337\" src=\"http:\/\/www.slangtimes.com\/bernhardschmid\/wp-content\/uploads\/2019\/02\/tywr248-300x202.jpg\" alt=\"\" width=\"200\" height=\"135\" srcset=\"https:\/\/www.slangtimes.com\/bernhardschmid\/wp-content\/uploads\/2019\/02\/tywr248-300x202.jpg 300w, https:\/\/www.slangtimes.com\/bernhardschmid\/wp-content\/uploads\/2019\/02\/tywr248.jpg 600w\" sizes=\"(max-width: 200px) 100vw, 200px\" \/>~~~<\/p>\n<p><strong>Shoshana Zuboff<\/strong> zieht unter anderem den Vergleich zwischen dem Verhalten der heutigen <strong>Internetgiganten<\/strong> mit den <strong>Konquisatoren<\/strong> bzw. deren Herren zu Beginn der <a href=\"https:\/\/de.wikipedia.org\/wiki\/Fr%C3%BChe_Neuzeit\" target=\"_blank\" rel=\"noopener\"><strong>Fr\u00fchen Neuzeit<\/strong><\/a>. Sie weist Parallelen auf zwischen dem selbstherrlichen Denken Ersterer und dem der spanischen Eroberer, wie es im \u00bb<a href=\"https:\/\/de.wikipedia.org\/wiki\/Requerimiento\" target=\"_blank\" rel=\"noopener\"><strong>requerimiento<\/strong><\/a>\u00ab zum Ausdruck kam, einem Dokument, das die Eroberer im Auftrag der spanischen Herrscher den Eingeborenen zu verlesen hatten. Selbstverst\u00e4ndlich war der <strong>Requerimiento<\/strong> in der Sprache der Eroberer abgefasst, was ganz witzig gewesen w\u00e4re, h\u00e4tte man die ratlose Zur\u00fcckhaltung der Indios nicht als Widerspenstigkeit gedeutet und damit Grund gehabt, sich all der im Dokument angedeuteten Gr\u00e4uel zu ihrer Unterwerfung zu bedienen. Der spanische Dominikaner <a href=\"https:\/\/de.wikipedia.org\/wiki\/Bartolom%C3%A9_de_Las_Casas\" target=\"_blank\" rel=\"noopener\"><strong>Bartolom\u00e9 de Las Casas<\/strong><\/a> beschrieb das Vorgehen in einer Chronik mit dem aussagekr\u00e4ftigen Titel.<\/p>\n<p style=\"text-align: center;\"><em><strong>Newe Welt. : Warhafftige Anzeigung der Hispanier grewlichen, abschewlichen vnd vnmenschlichen Tyranney, von jhnen inn den indianischen L\u00e4ndern, so gegen Nidergang der Sonnen gelegen, vnd die Newe Welt genennet wird, begangen.<\/strong><\/em><br \/>\nCasas, Bartolom\u00e9 de las, 1484-1566<\/p>\n<p style=\"text-align: center;\">~<a href=\"https:\/\/archive.org\/details\/neweweltwarhafft00casa\/page\/n8\" target=\"_blank\" rel=\"attachment noopener wp-att-1452\"><img loading=\"lazy\" decoding=\"async\" class=\"aligncenter wp-image-1452 size-medium\" src=\"http:\/\/www.slangtimes.com\/bernhardschmid\/wp-content\/uploads\/2019\/02\/delascasa57-300x197.jpg\" alt=\"\" width=\"300\" height=\"197\" srcset=\"https:\/\/www.slangtimes.com\/bernhardschmid\/wp-content\/uploads\/2019\/02\/delascasa57-300x197.jpg 300w, https:\/\/www.slangtimes.com\/bernhardschmid\/wp-content\/uploads\/2019\/02\/delascasa57-768x504.jpg 768w, https:\/\/www.slangtimes.com\/bernhardschmid\/wp-content\/uploads\/2019\/02\/delascasa57.jpg 912w\" sizes=\"(max-width: 300px) 100vw, 300px\" \/><\/a>~<\/p>\n<p style=\"text-align: center;\">Sie finden dieses Buch, bei dem es sich um eine \u00dcbersetzung (1597) aus dem Franz\u00f6sischen handelt, auch in der lateinischen Originalsausgabe, wenn Sie sich das zutrauen.<\/p>\n<p style=\"text-align: center;\">Zum Thema \u00bb<strong>requerimiento<\/strong>\u00ab.<br \/>\nEr bot die Rechtsgrundlage f\u00fcr die Einverleibung \u00fcberseeischer Territorien.<br \/>\nDer Text enth\u00e4lt die bekannten Erkl\u00e4rungen \u00fcber die Erschaffung der Welt und die Einheit des \u00fcber die Erde verstreuten Menschengeschlechts, das aus Adam und Eva hervorgegangen sei. Dieses Schriftst\u00fcck wurde 1513 von dem Kronjuristen Palacios Rubios verfa\u00dft und diente dazu, die Rechtslage f\u00fcr die Besitznahme und Unterjochung der entdeckten L\u00e4nder zu kl\u00e4ren. Die <strong>Konquistadoren<\/strong> waren angehalten, den \u00bbrequerimiento\u00ab <em>in situ<\/em> zu verlesen, d.h. bei der Landnahme in einem notariellen Akt den Indios zu verk\u00fcnden.<\/p>\n<p style=\"text-align: center;\">Claudius Armbruster (Hg.), Karin Hopfe (Hg.),<br \/>\n<em><strong>Horizont-Verschiebungen: Interkulturelles Verstehen und Heterogenit\u00e4t in der Romania<\/strong><\/em>.<br \/>\nFestschrift f\u00fcr Karsten Garscha zum 60. Geburtstag (1998)<br \/>\n<a href=\"https:\/\/portal.dnb.de\/opac.htm?method=showFullRecord&amp;currentResultId=%22Claudius%22+and+%22Armbruster%22%26any&amp;currentPosition=10\">Deutsche Nationalbibliothek <\/a><\/p>\n<p style=\"text-align: center;\"><img loading=\"lazy\" decoding=\"async\" class=\"aligncenter wp-image-489 size-medium\" src=\"http:\/\/www.slangtimes.com\/bernhardschmid\/wp-content\/uploads\/2010\/09\/b470-300x63.jpg\" alt=\"\" width=\"300\" height=\"63\" srcset=\"https:\/\/www.slangtimes.com\/bernhardschmid\/wp-content\/uploads\/2010\/09\/b470-300x63.jpg 300w, https:\/\/www.slangtimes.com\/bernhardschmid\/wp-content\/uploads\/2010\/09\/b470.jpg 470w\" sizes=\"(max-width: 300px) 100vw, 300px\" \/><\/p>\n<p>&nbsp;<\/p>\n","protected":false},"excerpt":{"rendered":"<p>~~~ Eine Auswahl von Materialien (den ersten Teil finden sie hier) zur eingehenderen Besch\u00e4ftigung mit Shoshana Zuboffs&nbsp;bei Campus erschienenem Das Zeitalter des \u00dcberwachungskapitalismus, ein Werk, das sich \u00fcber kurz oder lang einen Platz neben Adam Smith, Jean Baptiste Say, John Stuart Mill, Karl Marx, John Maynard Keynes, Joseph A. Schumpeter, Milton Friedman und \u00e4hnlichen Koryph\u00e4en [&hellip;]<\/p>\n","protected":false},"author":1,"featured_media":0,"parent":0,"menu_order":0,"comment_status":"open","ping_status":"open","template":"","meta":{"_crdt_document":"","ngg_post_thumbnail":0,"ocean_post_layout":"","ocean_both_sidebars_style":"","ocean_both_sidebars_content_width":0,"ocean_both_sidebars_sidebars_width":0,"ocean_sidebar":"","ocean_second_sidebar":"","ocean_disable_margins":"enable","ocean_add_body_class":"","ocean_shortcode_before_top_bar":"","ocean_shortcode_after_top_bar":"","ocean_shortcode_before_header":"","ocean_shortcode_after_header":"","ocean_has_shortcode":"","ocean_shortcode_after_title":"","ocean_shortcode_before_footer_widgets":"","ocean_shortcode_after_footer_widgets":"","ocean_shortcode_before_footer_bottom":"","ocean_shortcode_after_footer_bottom":"","ocean_display_top_bar":"default","ocean_display_header":"default","ocean_header_style":"","ocean_center_header_left_menu":"","ocean_custom_header_template":"","ocean_custom_logo":0,"ocean_custom_retina_logo":0,"ocean_custom_logo_max_width":0,"ocean_custom_logo_tablet_max_width":0,"ocean_custom_logo_mobile_max_width":0,"ocean_custom_logo_max_height":0,"ocean_custom_logo_tablet_max_height":0,"ocean_custom_logo_mobile_max_height":0,"ocean_header_custom_menu":"","ocean_menu_typo_font_family":"","ocean_menu_typo_font_subset":"","ocean_menu_typo_font_size":0,"ocean_menu_typo_font_size_tablet":0,"ocean_menu_typo_font_size_mobile":0,"ocean_menu_typo_font_size_unit":"px","ocean_menu_typo_font_weight":"","ocean_menu_typo_font_weight_tablet":"","ocean_menu_typo_font_weight_mobile":"","ocean_menu_typo_transform":"","ocean_menu_typo_transform_tablet":"","ocean_menu_typo_transform_mobile":"","ocean_menu_typo_line_height":0,"ocean_menu_typo_line_height_tablet":0,"ocean_menu_typo_line_height_mobile":0,"ocean_menu_typo_line_height_unit":"","ocean_menu_typo_spacing":0,"ocean_menu_typo_spacing_tablet":0,"ocean_menu_typo_spacing_mobile":0,"ocean_menu_typo_spacing_unit":"","ocean_menu_link_color":"","ocean_menu_link_color_hover":"","ocean_menu_link_color_active":"","ocean_menu_link_background":"","ocean_menu_link_hover_background":"","ocean_menu_link_active_background":"","ocean_menu_social_links_bg":"","ocean_menu_social_hover_links_bg":"","ocean_menu_social_links_color":"","ocean_menu_social_hover_links_color":"","ocean_disable_title":"default","ocean_disable_heading":"default","ocean_post_title":"","ocean_post_subheading":"","ocean_post_title_style":"","ocean_post_title_background_color":"","ocean_post_title_background":0,"ocean_post_title_bg_image_position":"","ocean_post_title_bg_image_attachment":"","ocean_post_title_bg_image_repeat":"","ocean_post_title_bg_image_size":"","ocean_post_title_height":0,"ocean_post_title_bg_overlay":0.5,"ocean_post_title_bg_overlay_color":"","ocean_disable_breadcrumbs":"default","ocean_breadcrumbs_color":"","ocean_breadcrumbs_separator_color":"","ocean_breadcrumbs_links_color":"","ocean_breadcrumbs_links_hover_color":"","ocean_display_footer_widgets":"default","ocean_display_footer_bottom":"default","ocean_custom_footer_template":"","footnotes":""},"categories":[1],"tags":[],"class_list":["post-1410","page","type-page","status-publish","hentry","category-allgemein","entry"],"_links":{"self":[{"href":"https:\/\/www.slangtimes.com\/bernhardschmid\/wp-json\/wp\/v2\/pages\/1410","targetHints":{"allow":["GET"]}}],"collection":[{"href":"https:\/\/www.slangtimes.com\/bernhardschmid\/wp-json\/wp\/v2\/pages"}],"about":[{"href":"https:\/\/www.slangtimes.com\/bernhardschmid\/wp-json\/wp\/v2\/types\/page"}],"author":[{"embeddable":true,"href":"https:\/\/www.slangtimes.com\/bernhardschmid\/wp-json\/wp\/v2\/users\/1"}],"replies":[{"embeddable":true,"href":"https:\/\/www.slangtimes.com\/bernhardschmid\/wp-json\/wp\/v2\/comments?post=1410"}],"version-history":[{"count":3,"href":"https:\/\/www.slangtimes.com\/bernhardschmid\/wp-json\/wp\/v2\/pages\/1410\/revisions"}],"predecessor-version":[{"id":1470,"href":"https:\/\/www.slangtimes.com\/bernhardschmid\/wp-json\/wp\/v2\/pages\/1410\/revisions\/1470"}],"wp:attachment":[{"href":"https:\/\/www.slangtimes.com\/bernhardschmid\/wp-json\/wp\/v2\/media?parent=1410"}],"wp:term":[{"taxonomy":"category","embeddable":true,"href":"https:\/\/www.slangtimes.com\/bernhardschmid\/wp-json\/wp\/v2\/categories?post=1410"},{"taxonomy":"post_tag","embeddable":true,"href":"https:\/\/www.slangtimes.com\/bernhardschmid\/wp-json\/wp\/v2\/tags?post=1410"}],"curies":[{"name":"wp","href":"https:\/\/api.w.org\/{rel}","templated":true}]}}